{"id":3256,"date":"2022-12-03T12:53:48","date_gmt":"2022-12-03T12:53:48","guid":{"rendered":"https:\/\/munbu.bilkent.edu.tr\/?page_id=3256"},"modified":"2026-01-12T20:40:43","modified_gmt":"2026-01-12T20:40:43","slug":"unodc","status":"publish","type":"page","link":"https:\/\/munbu.bilkent.edu.tr\/?page_id=3256","title":{"rendered":"ILO"},"content":{"rendered":"<div data-colibri-id=\"3256-c1\" class=\"style-1235 style-local-3256-c1 position-relative\">\n  <!---->\n  <div data-colibri-component=\"section\" data-colibri-id=\"3256-c2\" id=\"custom\" class=\"h-section h-section-global-spacing d-flex align-items-lg-center align-items-md-center align-items-center style-1236 style-local-3256-c2 position-relative\">\n    <!---->\n    <!---->\n    <div class=\"h-section-grid-container h-section-boxed-container\">\n      <!---->\n      <div data-colibri-id=\"3256-c3\" class=\"h-row-container gutters-row-lg-2 gutters-row-md-2 gutters-row-0 gutters-row-v-lg-2 gutters-row-v-md-2 gutters-row-v-2 style-1237 style-local-3256-c3 position-relative\">\n        <!---->\n        <div class=\"h-row justify-content-lg-center justify-content-md-center justify-content-center align-items-lg-stretch align-items-md-stretch align-items-stretch gutters-col-lg-2 gutters-col-md-2 gutters-col-0 gutters-col-v-lg-2 gutters-col-v-md-2 gutters-col-v-2\">\n          <!---->\n          <div class=\"h-column h-column-container d-flex h-col-lg-auto h-col-md-auto h-col-auto style-1238-outer style-local-3256-c4-outer\">\n            <div data-colibri-id=\"3256-c4\" class=\"d-flex h-flex-basis h-column__inner h-px-lg-2 h-px-md-2 h-px-2 v-inner-lg-2 v-inner-md-2 v-inner-2 style-1238 style-local-3256-c4 position-relative\">\n              <!---->\n              <!---->\n              <div class=\"w-100 h-y-container h-column__content h-column__v-align flex-basis-100 align-self-lg-start align-self-md-start align-self-start\">\n                <!---->\n                <div data-colibri-id=\"3256-c5\" class=\"h-global-transition-all h-heading style-1239 style-local-3256-c5 position-relative h-element\">\n                  <!---->\n                  <div class=\"h-heading__outer style-1239 style-local-3256-c5\">\n                    <!---->\n                    <!---->\n                    <h1 class=\"\">International Labour Organization (ILO)<\/h1>\n                  <\/div>\n                <\/div>\n              <\/div>\n            <\/div>\n          <\/div>\n        <\/div>\n      <\/div>\n      <div data-colibri-id=\"3256-c6\" class=\"h-row-container gutters-row-lg-2 gutters-row-md-2 gutters-row-0 gutters-row-v-lg-2 gutters-row-v-md-2 gutters-row-v-2 style-1240 style-local-3256-c6 position-relative\">\n        <!---->\n        <div class=\"h-row justify-content-lg-center justify-content-md-center justify-content-center align-items-lg-stretch align-items-md-stretch align-items-stretch gutters-col-lg-2 gutters-col-md-2 gutters-col-0 gutters-col-v-lg-2 gutters-col-v-md-2 gutters-col-v-2\">\n          <!---->\n          <div class=\"h-column h-column-container d-flex h-col-lg-auto h-col-md-auto h-col-auto style-1241-outer style-local-3256-c7-outer\">\n            <div data-colibri-id=\"3256-c7\" class=\"d-flex h-flex-basis h-column__inner h-px-lg-2 h-px-md-2 h-px-2 v-inner-lg-2 v-inner-md-2 v-inner-2 style-1241 style-local-3256-c7 position-relative\">\n              <!---->\n              <!---->\n              <div class=\"w-100 h-y-container h-column__content h-column__v-align flex-basis-100 align-self-lg-start align-self-md-start align-self-start\">\n                <!---->\n                <div data-colibri-id=\"3256-c8\" class=\"h-text h-text-component style-1242 style-local-3256-c8 position-relative h-element\">\n                  <!---->\n                  <!---->\n                  <div class=\"\">\n                    <p><strong style=\"font-family: &quot;Open Sans&quot;, sans-serif; color: black;\">Co-Under Secretary General:<\/strong><span style=\"font-family: &quot;Open Sans&quot;, sans-serif; color: black;\">&nbsp;<\/span><em style=\"font-family: &quot;Open Sans&quot;, sans-serif; color: black;\">G\u00f6rkemcan Co\u015fkun<\/em><\/p>\n                    <p><strong style=\"font-size: 16px; font-family: &quot;Open Sans&quot;, sans-serif; color: black;\">Co-Under Secretary General:<\/strong><span style=\"font-size: 16px; font-family: &quot;Open Sans&quot;, sans-serif; color: black; font-weight: 400;\">&nbsp;<\/span>\n                      <em\n                        style=\"font-size: 16px; font-family: &quot;Open Sans&quot;, sans-serif; color: black; font-weight: 400;\">Mirata Deva<\/em>\n                    <\/p>\n                    <p><span style=\"font-size: 16px; font-family: &quot;Open Sans&quot;, sans-serif; color: black;\">\ufeff<\/span><strong style=\"font-size: 16px; font-family: &quot;Open Sans&quot;, sans-serif; color: black;\">Academic Assistant:<\/strong><span style=\"font-size: 16px; font-family: &quot;Open Sans&quot;, sans-serif; color: black; font-weight: 400;\">&nbsp;Delfin Soykan<\/span><\/p>\n                    <p><strong style=\"font-family: &quot;Open Sans&quot;, sans-serif; color: black;\">Agenda Item :&nbsp;<\/strong><em style=\"font-family: &quot;Open Sans&quot;, sans-serif; color: black;\">The Collapse and Aftermath of Bretton Woods<\/em><\/p>\n                    <p>\n                      <br>\n                    <\/p>\n                  <\/div>\n                <\/div>\n                <div data-colibri-id=\"3256-c9\" class=\"h-row-container gutters-row-lg-2 gutters-row-md-2 gutters-row-0 gutters-row-v-lg-2 gutters-row-v-md-2 gutters-row-v-2 style-1944 style-local-3256-c9 position-relative\">\n                  <!---->\n                  <div class=\"h-row justify-content-lg-center justify-content-md-center justify-content-center align-items-lg-stretch align-items-md-stretch align-items-stretch gutters-col-lg-2 gutters-col-md-2 gutters-col-0 gutters-col-v-lg-2 gutters-col-v-md-2 gutters-col-v-2\">\n                    <!---->\n                    <div class=\"h-column h-column-container d-flex h-col-lg-auto h-col-md-auto h-col-auto style-1945-outer style-local-3256-c10-outer\">\n                      <div data-colibri-id=\"3256-c10\" class=\"d-flex h-flex-basis h-column__inner h-px-lg-2 h-px-md-2 h-px-2 v-inner-lg-2 v-inner-md-2 v-inner-2 style-1945 style-local-3256-c10 position-relative\">\n                        <!---->\n                        <!---->\n                        <div class=\"w-100 h-y-container h-column__content h-column__v-align flex-basis-100 align-self-lg-start align-self-md-start align-self-start\">\n                          <!---->\n                          <div data-colibri-id=\"3256-c11\" class=\"h-text h-text-component style-1948 style-local-3256-c11 position-relative h-element\">\n                            <!---->\n                            <!---->\n                            <div class=\"\">\n                              <p><strong style=\"color: black; font-family: &quot;Open Sans&quot;, sans-serif; font-size: 16px;\">Co-Chair:&nbsp;<\/strong>Neva \u00d6zkul\n                                <br>Ozkulneva@gmail.com\n                                <br>\n                              <\/p>\n                            <\/div>\n                          <\/div>\n                        <\/div>\n                      <\/div>\n                    <\/div>\n                    <div class=\"h-column h-column-container d-flex h-col-lg-auto h-col-md-auto h-col-auto style-1946-outer style-local-3256-c12-outer\">\n                      <div data-colibri-id=\"3256-c12\" class=\"d-flex h-flex-basis h-column__inner h-px-lg-2 h-px-md-2 h-px-2 v-inner-lg-2 v-inner-md-2 v-inner-2 style-1946 style-local-3256-c12 position-relative\">\n                        <!---->\n                        <!---->\n                        <div class=\"w-100 h-y-container h-column__content h-column__v-align flex-basis-100 align-self-lg-start align-self-md-start align-self-start\">\n                          <!---->\n                          <div data-colibri-id=\"3256-c13\" class=\"h-text h-text-component style-1949 style-local-3256-c13 position-relative h-element\">\n                            <!---->\n                            <!---->\n                            <div class=\"\">\n                              <p><strong style=\"font-size: 16px; font-family: &quot;Open Sans&quot;, sans-serif; color: black;\">Co-Chair:&nbsp;<\/strong>Hira Naz T\u00fcys\u00fcz\n                                <br>hirantuysuz@gmail.com\n                                <br>\n                              <\/p>\n                            <\/div>\n                          <\/div>\n                        <\/div>\n                      <\/div>\n                    <\/div>\n                    <div class=\"h-column h-column-container d-flex h-col-lg-auto h-col-md-auto h-col-auto style-1947-outer style-local-3256-c14-outer\">\n                      <div data-colibri-id=\"3256-c14\" class=\"d-flex h-flex-basis h-column__inner h-px-lg-2 h-px-md-2 h-px-2 v-inner-lg-2 v-inner-md-2 v-inner-2 style-1947 style-local-3256-c14 position-relative\">\n                        <!---->\n                        <!---->\n                        <div class=\"w-100 h-y-container h-column__content h-column__v-align flex-basis-100 align-self-lg-start align-self-md-start align-self-start\">\n                          <!---->\n                          <div data-colibri-id=\"3256-c15\" class=\"h-text h-text-component style-1950 style-local-3256-c15 position-relative h-element\">\n                            <!---->\n                            <!---->\n                            <div class=\"\">\n                              <p><strong style=\"font-size: 16px; color: black; font-family: &quot;Open Sans&quot;, sans-serif;\">Rapporteur:&nbsp;<\/strong>Hasan Afacan<\/p>\n                            <\/div>\n                          <\/div>\n                        <\/div>\n                      <\/div>\n                    <\/div>\n                  <\/div>\n                <\/div>\n                <div data-colibri-id=\"3256-c16\" class=\"h-x-container style-2057 style-local-3256-c16 position-relative h-element\">\n                  <!---->\n                  <div class=\"h-x-container-inner style-dynamic-3256-c16-group style-2057-spacing style-local-3256-c16-spacing\"><span class=\"h-button__outer style-2058-outer style-local-3256-c17-outer d-inline-flex h-element\"><a h-use-smooth-scroll=\"true\" href=\"https:\/\/munbu.bilkent.edu.tr\/wp-content\/uploads\/2026\/01\/MUNBU26_ILO.pdf\"  data-colibri-id=\"3256-c17\" class=\"d-flex w-100 align-items-center h-button justify-content-lg-center justify-content-md-center justify-content-center style-2058 style-local-3256-c17 position-relative\"><!----><!----> <span>STUDY GUIDE<\/span><\/a>\n                    <\/span>\n                  <\/div>\n                <\/div>\n              <\/div>\n            <\/div>\n          <\/div>\n        <\/div>\n      <\/div>\n    <\/div>\n  <\/div>\n<\/div>","protected":false},"excerpt":{"rendered":"<p>International Labour Organization (ILO) Co-Under Secretary General:&nbsp;G\u00f6rkemcan Co\u015fkun Co-Under Secretary General:&nbsp; Mirata Deva \ufeffAcademic Assistant:&nbsp;Delfin Soykan Agenda Item :&nbsp;The Collapse and Aftermath of Bretton Woods Co-Chair:&nbsp;Neva \u00d6zkul Ozkulneva@gmail.com Co-Chair:&nbsp;Hira Naz T\u00fcys\u00fcz hirantuysuz@gmail.com Rapporteur:&nbsp;Hasan Afacan STUDY GUIDE<\/p>\n","protected":false},"author":1,"featured_media":0,"parent":0,"menu_order":0,"comment_status":"closed","ping_status":"closed","template":"page-templates\/full-width-page.php","meta":[],"_links":{"self":[{"href":"https:\/\/munbu.bilkent.edu.tr\/index.php?rest_route=\/wp\/v2\/pages\/3256"}],"collection":[{"href":"https:\/\/munbu.bilkent.edu.tr\/index.php?rest_route=\/wp\/v2\/pages"}],"about":[{"href":"https:\/\/munbu.bilkent.edu.tr\/index.php?rest_route=\/wp\/v2\/types\/page"}],"author":[{"embeddable":true,"href":"https:\/\/munbu.bilkent.edu.tr\/index.php?rest_route=\/wp\/v2\/users\/1"}],"replies":[{"embeddable":true,"href":"https:\/\/munbu.bilkent.edu.tr\/index.php?rest_route=%2Fwp%2Fv2%2Fcomments&post=3256"}],"version-history":[{"count":20,"href":"https:\/\/munbu.bilkent.edu.tr\/index.php?rest_route=\/wp\/v2\/pages\/3256\/revisions"}],"predecessor-version":[{"id":8094,"href":"https:\/\/munbu.bilkent.edu.tr\/index.php?rest_route=\/wp\/v2\/pages\/3256\/revisions\/8094"}],"wp:attachment":[{"href":"https:\/\/munbu.bilkent.edu.tr\/index.php?rest_route=%2Fwp%2Fv2%2Fmedia&parent=3256"}],"curies":[{"name":"wp","href":"https:\/\/api.w.org\/{rel}","templated":true}]}}