{"id":433,"date":"2021-11-18T15:24:11","date_gmt":"2021-11-18T15:24:11","guid":{"rendered":"https:\/\/munbu.bilkent.edu.tr\/?page_id=433"},"modified":"2024-01-09T18:18:47","modified_gmt":"2024-01-09T18:18:47","slug":"ecosoc","status":"publish","type":"page","link":"https:\/\/munbu.bilkent.edu.tr\/?page_id=433","title":{"rendered":"UNWOMEN"},"content":{"rendered":"<div data-colibri-id=\"433-c1\" class=\"style-558 style-local-433-c1 position-relative\">\n  <!---->\n  <div data-colibri-component=\"section\" data-colibri-id=\"433-c2\" id=\"custom\" class=\"h-section h-section-global-spacing d-flex align-items-lg-center align-items-md-center align-items-center style-559 style-local-433-c2 position-relative\">\n    <!---->\n    <!---->\n    <div class=\"h-section-grid-container h-section-boxed-container\">\n      <!---->\n      <div data-colibri-id=\"433-c3\" class=\"h-row-container gutters-row-lg-2 gutters-row-md-2 gutters-row-0 gutters-row-v-lg-2 gutters-row-v-md-2 gutters-row-v-2 style-560 style-local-433-c3 position-relative\">\n        <!---->\n        <div class=\"h-row justify-content-lg-center justify-content-md-center justify-content-center align-items-lg-stretch align-items-md-stretch align-items-stretch gutters-col-lg-2 gutters-col-md-2 gutters-col-0 gutters-col-v-lg-2 gutters-col-v-md-2 gutters-col-v-2\">\n          <!---->\n          <div class=\"h-column h-column-container d-flex h-col-lg-auto h-col-md-auto h-col-auto style-561-outer style-local-433-c4-outer\">\n            <div data-colibri-id=\"433-c4\" class=\"d-flex h-flex-basis h-column__inner h-px-lg-2 h-px-md-2 h-px-2 v-inner-lg-2 v-inner-md-2 v-inner-2 style-561 style-local-433-c4 position-relative\">\n              <!---->\n              <!---->\n              <div class=\"w-100 h-y-container h-column__content h-column__v-align flex-basis-100 align-self-lg-start align-self-md-start align-self-start\">\n                <!---->\n                <div data-colibri-id=\"433-c5\" class=\"h-global-transition-all h-heading style-562 style-local-433-c5 position-relative h-element\">\n                  <!---->\n                  <div class=\"h-heading__outer style-562 style-local-433-c5\">\n                    <!---->\n                    <!---->\n                    <h1 class=\"\">The United Nations Entity for Gender Equality and the Empowerment of Women\n                      <br>(UNWOMEN)<\/h1>\n                  <\/div>\n                <\/div>\n              <\/div>\n            <\/div>\n          <\/div>\n        <\/div>\n      <\/div>\n      <div data-colibri-id=\"433-c6\" class=\"h-row-container gutters-row-lg-2 gutters-row-md-2 gutters-row-0 gutters-row-v-lg-2 gutters-row-v-md-2 gutters-row-v-2 style-563 style-local-433-c6 position-relative\">\n        <!---->\n        <div class=\"h-row justify-content-lg-center justify-content-md-center justify-content-center align-items-lg-stretch align-items-md-stretch align-items-stretch gutters-col-lg-2 gutters-col-md-2 gutters-col-0 gutters-col-v-lg-2 gutters-col-v-md-2 gutters-col-v-2\">\n          <!---->\n          <div class=\"h-column h-column-container d-flex h-col-lg-auto h-col-md-auto h-col-auto style-564-outer style-local-433-c7-outer\">\n            <div data-colibri-id=\"433-c7\" class=\"d-flex h-flex-basis h-column__inner h-px-lg-2 h-px-md-2 h-px-2 v-inner-lg-2 v-inner-md-2 v-inner-2 style-564 style-local-433-c7 position-relative\">\n              <!---->\n              <!---->\n              <div class=\"w-100 h-y-container h-column__content h-column__v-align flex-basis-100 align-self-lg-start align-self-md-start align-self-start\">\n                <!---->\n                <div data-colibri-id=\"433-c8\" class=\"h-text h-text-component style-565 style-local-433-c8 position-relative h-element\">\n                  <!---->\n                  <!---->\n                  <div class=\"\">\n                    <p><strong style=\"font-family: &quot;Open Sans&quot;, sans-serif; color: black;\">Under-Secretary General:<\/strong><span style=\"font-family: &quot;Open Sans&quot;, sans-serif; color: black;\"> <\/span><em style=\"font-family: &quot;Open Sans&quot;, sans-serif; color: black;\">Zehra Y\u0131ld\u0131r\u0131m<\/em><\/p>\n                    <p><strong style=\"font-family: &quot;Open Sans&quot;, sans-serif; color: black; font-size: 16px;\">Co-Under-Secretary General:<\/strong><span style=\"font-family: &quot;Open Sans&quot;, sans-serif; color: black; font-size: 16px; font-weight: 400;\">&nbsp;<\/span>\n                      <em\n                        style=\"font-family: &quot;Open Sans&quot;, sans-serif; color: black; font-size: 16px; font-weight: 400;\">Arda Elibol<\/em>\n                    <\/p>\n                    <p><strong style=\"font-family: &quot;Open Sans&quot;, sans-serif; color: black;\">Academic Trainee:<\/strong><span style=\"font-family: &quot;Open Sans&quot;, sans-serif; color: black;\">&nbsp;<\/span><em style=\"font-family: &quot;Open Sans&quot;, sans-serif; color: black;\">Asl\u0131 B\u00fcy\u00fcko\u011flu<\/em><\/p>\n                    <p><strong style=\"font-family: &quot;Open Sans&quot;, sans-serif; color: black;\">Agenda Item I :<\/strong><span style=\"font-family: &quot;Open Sans&quot;, sans-serif; color: black;\"> <\/span><em style=\"font-family: &quot;Open Sans&quot;, sans-serif; color: black;\">Ensuring the Implementation of refugee women&#8217;s rights.<\/em><\/p>\n                    <p><strong style=\"font-size: 16px; font-family: &quot;Open Sans&quot;, sans-serif; color: black;\">Agenda Item II :<\/strong><span style=\"font-size: 16px; font-family: &quot;Open Sans&quot;, sans-serif; color: black; font-weight: 400;\">&nbsp;<\/span>\n                      <em\n                        style=\"font-size: 16px; font-family: &quot;Open Sans&quot;, sans-serif; color: black; font-weight: 400;\">Promoting urban development for women in terms of social services with special emphasis on migrant girls and women.<\/em>\n                    <\/p>\n                    <p>TBD<\/p>\n                    <p><strong style=\"font-size: 16px; color: black; font-family: &quot;Open Sans&quot;, sans-serif;\">President Chair:<\/strong><span style=\"font-size: 16px; color: black; font-family: &quot;Open Sans&quot;, sans-serif; font-weight: 400;\">&nbsp;Rojin Y\u0131lmaz<\/span><\/p>\n                    <p><strong style=\"font-size: 16px; color: black; font-family: &quot;Open Sans&quot;, sans-serif;\">Co-Chair:<\/strong><span style=\"font-size: 16px; color: black; font-family: &quot;Open Sans&quot;, sans-serif; font-weight: 400;\">&nbsp;Bal\u0131m Yeti\u015fen<\/span><\/p>\n                    <p><strong style=\"font-size: 16px; color: black; font-family: &quot;Open Sans&quot;, sans-serif;\">Email:<\/strong><span style=\"font-size: 16px; color: black; font-family: &quot;Open Sans&quot;, sans-serif; font-weight: 400;\">&nbsp;<\/span>\n                      <span\n                        style=\"font-size: 12px; color: rgb(31, 31, 31); font-family: &quot;Google Sans&quot;, Roboto, sans-serif; font-weight: 400;\">rojinyilmaz06@gmail.com &amp;&nbsp;balimyetisen@gmail.com<\/span>\n                    <\/p>\n                  <\/div>\n                <\/div>\n              <\/div>\n            <\/div>\n          <\/div>\n        <\/div>\n      <\/div>\n      <div data-colibri-id=\"433-c9\" class=\"h-row-container gutters-row-lg-2 gutters-row-md-2 gutters-row-0 gutters-row-v-lg-2 gutters-row-v-md-2 gutters-row-v-2 style-1160 style-local-433-c9 position-relative\">\n        <!---->\n        <div class=\"h-row justify-content-lg-center justify-content-md-center justify-content-center align-items-lg-stretch align-items-md-stretch align-items-stretch gutters-col-lg-2 gutters-col-md-2 gutters-col-0 gutters-col-v-lg-2 gutters-col-v-md-2 gutters-col-v-2\">\n          <!---->\n          <div class=\"h-column h-column-container d-flex h-col-lg-auto h-col-md-auto h-col-auto style-1161-outer style-local-433-c10-outer\">\n            <div data-colibri-id=\"433-c10\" class=\"d-flex h-flex-basis h-column__inner h-px-lg-2 h-px-md-2 h-px-2 v-inner-lg-2 v-inner-md-2 v-inner-2 style-1161 style-local-433-c10 position-relative\">\n              <!---->\n              <!---->\n              <div class=\"w-100 h-y-container h-column__content h-column__v-align flex-basis-100 align-self-lg-start align-self-md-start align-self-start\">\n                <!---->\n                <div data-colibri-id=\"433-c11\" class=\"h-x-container style-1162 style-local-433-c11 position-relative h-element\">\n                  <!---->\n                  <div class=\"h-x-container-inner style-dynamic-433-c11-group style-1162-spacing style-local-433-c11-spacing\"><span class=\"h-button__outer style-1163-outer style-local-433-c12-outer d-inline-flex h-element\"><a h-use-smooth-scroll=\"true\" href=\"https:\/\/drive.google.com\/file\/d\/1ep2ehX-OFPMKyV8xWEjmNBOdwgjs5Mdk\/view?usp=drive_link\"  data-colibri-id=\"433-c12\" class=\"d-flex w-100 align-items-center h-button justify-content-lg-center justify-content-md-center justify-content-center style-1163 style-local-433-c12 position-relative\"><!----><!----> <span>Rules Of Procedure<\/span><\/a>\n                    <\/span>\n                  <\/div>\n                <\/div>\n                <div data-colibri-id=\"433-c13\" class=\"h-x-container style-1299 style-local-433-c13 position-relative h-element\">\n                  <!---->\n                  <div class=\"h-x-container-inner style-dynamic-433-c13-group style-1299-spacing style-local-433-c13-spacing\"><span class=\"h-button__outer style-1300-outer style-local-433-c14-outer d-inline-flex h-element\"><a h-use-smooth-scroll=\"true\" href=\"https:\/\/drive.google.com\/file\/d\/1LteYPIQGZa_Wz2OK1Xl6mtAM7ssJRjMl\/view?usp=sharing\" target=\"_blank\" data-colibri-id=\"433-c14\" class=\"d-flex w-100 align-items-center h-button justify-content-lg-center justify-content-md-center justify-content-center style-1300 style-local-433-c14 position-relative\" rel=\"noopener\"><!----><!----> <span>STUDY GUIDE<\/span><\/a>\n                    <\/span>\n                  <\/div>\n                <\/div>\n              <\/div>\n            <\/div>\n          <\/div>\n        <\/div>\n      <\/div>\n    <\/div>\n  <\/div>\n<\/div>","protected":false},"excerpt":{"rendered":"<p>The United Nations Entity for Gender Equality and the Empowerment of Women (UNWOMEN) Under-Secretary General: Zehra Y\u0131ld\u0131r\u0131m Co-Under-Secretary General:&nbsp; Arda Elibol Academic Trainee:&nbsp;Asl\u0131 B\u00fcy\u00fcko\u011flu Agenda Item I : Ensuring the Implementation of refugee women&#8217;s rights. Agenda Item II :&nbsp; Promoting urban development for women in terms of social services with special emphasis on migrant girls [&hellip;]<\/p>\n","protected":false},"author":1,"featured_media":0,"parent":0,"menu_order":0,"comment_status":"closed","ping_status":"closed","template":"page-templates\/full-width-page.php","meta":[],"_links":{"self":[{"href":"https:\/\/munbu.bilkent.edu.tr\/index.php?rest_route=\/wp\/v2\/pages\/433"}],"collection":[{"href":"https:\/\/munbu.bilkent.edu.tr\/index.php?rest_route=\/wp\/v2\/pages"}],"about":[{"href":"https:\/\/munbu.bilkent.edu.tr\/index.php?rest_route=\/wp\/v2\/types\/page"}],"author":[{"embeddable":true,"href":"https:\/\/munbu.bilkent.edu.tr\/index.php?rest_route=\/wp\/v2\/users\/1"}],"replies":[{"embeddable":true,"href":"https:\/\/munbu.bilkent.edu.tr\/index.php?rest_route=%2Fwp%2Fv2%2Fcomments&post=433"}],"version-history":[{"count":20,"href":"https:\/\/munbu.bilkent.edu.tr\/index.php?rest_route=\/wp\/v2\/pages\/433\/revisions"}],"predecessor-version":[{"id":5006,"href":"https:\/\/munbu.bilkent.edu.tr\/index.php?rest_route=\/wp\/v2\/pages\/433\/revisions\/5006"}],"wp:attachment":[{"href":"https:\/\/munbu.bilkent.edu.tr\/index.php?rest_route=%2Fwp%2Fv2%2Fmedia&parent=433"}],"curies":[{"name":"wp","href":"https:\/\/api.w.org\/{rel}","templated":true}]}}