{"id":4529,"date":"2023-11-22T16:04:11","date_gmt":"2023-11-22T16:04:11","guid":{"rendered":"https:\/\/munbu.bilkent.edu.tr\/?page_id=4529"},"modified":"2026-01-12T19:41:52","modified_gmt":"2026-01-12T19:41:52","slug":"unsc-2","status":"publish","type":"page","link":"https:\/\/munbu.bilkent.edu.tr\/?page_id=4529","title":{"rendered":"European Council"},"content":{"rendered":"<div data-colibri-id=\"4529-c1\" class=\"style-1387 style-local-4529-c1 position-relative\">\n  <!---->\n  <div data-colibri-component=\"section\" data-colibri-id=\"4529-c2\" id=\"custom\" class=\"h-section h-section-global-spacing d-flex align-items-lg-center align-items-md-center align-items-center style-1388 style-local-4529-c2 position-relative\">\n    <!---->\n    <!---->\n    <div class=\"h-section-grid-container h-section-boxed-container\">\n      <!---->\n      <div data-colibri-id=\"4529-c3\" class=\"h-row-container gutters-row-lg-2 gutters-row-md-2 gutters-row-0 gutters-row-v-lg-2 gutters-row-v-md-2 gutters-row-v-2 style-1389 style-local-4529-c3 position-relative\">\n        <!---->\n        <div class=\"h-row justify-content-lg-center justify-content-md-center justify-content-center align-items-lg-stretch align-items-md-stretch align-items-stretch gutters-col-lg-2 gutters-col-md-2 gutters-col-0 gutters-col-v-lg-2 gutters-col-v-md-2 gutters-col-v-2\">\n          <!---->\n          <div class=\"h-column h-column-container d-flex h-col-lg-auto h-col-md-auto h-col-auto style-1390-outer style-local-4529-c4-outer\">\n            <div data-colibri-id=\"4529-c4\" class=\"d-flex h-flex-basis h-column__inner h-px-lg-2 h-px-md-2 h-px-2 v-inner-lg-2 v-inner-md-2 v-inner-2 style-1390 style-local-4529-c4 position-relative\">\n              <!---->\n              <!---->\n              <div class=\"w-100 h-y-container h-column__content h-column__v-align flex-basis-100 align-self-lg-start align-self-md-start align-self-start\">\n                <!---->\n                <div data-colibri-id=\"4529-c5\" class=\"h-global-transition-all h-heading style-1391 style-local-4529-c5 position-relative h-element\">\n                  <!---->\n                  <div class=\"h-heading__outer style-1391 style-local-4529-c5\">\n                    <!---->\n                    <!---->\n                    <h1 class=\"\">Council Of The European Union: Foreign Affairs Council<\/h1>\n                  <\/div>\n                <\/div>\n                <div data-colibri-id=\"4529-c6\" class=\"h-text h-text-component style-1392 style-local-4529-c6 position-relative h-element\">\n                  <!---->\n                  <!---->\n                  <div class=\"\">\n                    <p><strong style=\"font-family: &quot;Open Sans&quot;, sans-serif; color: black;\">Co-Under Secretary General:<\/strong><span style=\"font-family: &quot;Open Sans&quot;, sans-serif; color: black;\">&nbsp;<\/span><em style=\"font-family: &quot;Open Sans&quot;, sans-serif; color: black;\">Ata Ya\u011f\u0131z Topalo\u011flu<\/em><\/p>\n                    <p><strong style=\"font-family: &quot;Open Sans&quot;, sans-serif; color: black;\">Co-Under Secretary General:<\/strong><span style=\"font-family: &quot;Open Sans&quot;, sans-serif; color: black;\">&nbsp;<\/span><em style=\"font-family: &quot;Open Sans&quot;, sans-serif; color: black;\">Dila Demircan<\/em><\/p>\n                    <p><strong style=\"font-family: &quot;Open Sans&quot;, sans-serif; color: black;\">Agenda Item I:&nbsp;<\/strong><span style=\"font-family: &quot;Open Sans&quot;, sans-serif; color: black;\">Reevaluating EU &#8211; China Relations in the Context of Global Competition<\/span><\/p>\n                    <p><strong style=\"color: black; font-family: &quot;Open Sans&quot;, sans-serif; font-size: 16px;\">Agenda Item II:&nbsp;<\/strong><span style=\"color: black; font-family: &quot;Open Sans&quot;, sans-serif; font-size: 16px; font-weight: 400;\">Enhancing EU Cooperation and Presence In The Western Balkans<\/span><\/p>\n                    <p>\n                      <br>\n                    <\/p>\n                  <\/div>\n                <\/div>\n                <div data-colibri-id=\"4529-c7\" class=\"h-row-container gutters-row-lg-2 gutters-row-md-2 gutters-row-0 gutters-row-v-lg-2 gutters-row-v-md-2 gutters-row-v-2 style-1965 style-local-4529-c7 position-relative\">\n                  <!---->\n                  <div class=\"h-row justify-content-lg-center justify-content-md-center justify-content-center align-items-lg-stretch align-items-md-stretch align-items-stretch gutters-col-lg-2 gutters-col-md-2 gutters-col-0 gutters-col-v-lg-2 gutters-col-v-md-2 gutters-col-v-2\">\n                    <!---->\n                    <div class=\"h-column h-column-container d-flex h-col-lg-auto h-col-md-auto h-col-auto style-1966-outer style-local-4529-c8-outer\">\n                      <div data-colibri-id=\"4529-c8\" class=\"d-flex h-flex-basis h-column__inner h-px-lg-2 h-px-md-2 h-px-2 v-inner-lg-2 v-inner-md-2 v-inner-2 style-1966 style-local-4529-c8 position-relative\">\n                        <!---->\n                        <!---->\n                        <div class=\"w-100 h-y-container h-column__content h-column__v-align flex-basis-100 align-self-lg-start align-self-md-start align-self-start\">\n                          <!---->\n                          <div data-colibri-id=\"4529-c9\" class=\"h-text h-text-component style-1969 style-local-4529-c9 position-relative h-element\">\n                            <!---->\n                            <!---->\n                            <div class=\"\">\n                              <p><strong style=\"color: black; font-family: &quot;Open Sans&quot;, sans-serif; font-size: 16px;\">President Chair:&nbsp;<\/strong>Civan Erdo\u011fan\n                                <br>civanerdogan1@gmail.com\n                                <br>\n                              <\/p>\n                            <\/div>\n                          <\/div>\n                        <\/div>\n                      <\/div>\n                    <\/div>\n                    <div class=\"h-column h-column-container d-flex h-col-lg-auto h-col-md-auto h-col-auto style-1967-outer style-local-4529-c10-outer\">\n                      <div data-colibri-id=\"4529-c10\" class=\"d-flex h-flex-basis h-column__inner h-px-lg-2 h-px-md-2 h-px-2 v-inner-lg-2 v-inner-md-2 v-inner-2 style-1967 style-local-4529-c10 position-relative\">\n                        <!---->\n                        <!---->\n                        <div class=\"w-100 h-y-container h-column__content h-column__v-align flex-basis-100 align-self-lg-start align-self-md-start align-self-start\">\n                          <!---->\n                          <div data-colibri-id=\"4529-c11\" class=\"h-text h-text-component style-1970 style-local-4529-c11 position-relative h-element\">\n                            <!---->\n                            <!---->\n                            <div class=\"\">\n                              <p><strong style=\"color: black; font-family: &quot;Open Sans&quot;, sans-serif; font-size: 16px;\">Vice Chair:&nbsp;<\/strong>Nilay K\u0131br\u0131s\n                                <br>kibrisnilay@gmail.com\n                                <br>\n                              <\/p>\n                            <\/div>\n                          <\/div>\n                        <\/div>\n                      <\/div>\n                    <\/div>\n                    <div class=\"h-column h-column-container d-flex h-col-lg-auto h-col-md-auto h-col-auto style-1968-outer style-local-4529-c12-outer\">\n                      <div data-colibri-id=\"4529-c12\" class=\"d-flex h-flex-basis h-column__inner h-px-lg-2 h-px-md-2 h-px-2 v-inner-lg-2 v-inner-md-2 v-inner-2 style-1968 style-local-4529-c12 position-relative\">\n                        <!---->\n                        <!---->\n                        <div class=\"w-100 h-y-container h-column__content h-column__v-align flex-basis-100 align-self-lg-start align-self-md-start align-self-start\">\n                          <!---->\n                          <div data-colibri-id=\"4529-c13\" class=\"h-text h-text-component style-1971 style-local-4529-c13 position-relative h-element\">\n                            <!---->\n                            <!---->\n                            <div class=\"\">\n                              <p><strong style=\"font-size: 16px; color: black; font-family: &quot;Open Sans&quot;, sans-serif;\">Rapporteur:&nbsp;<\/strong>Tuba Eda Ana\u00e7<\/p>\n                            <\/div>\n                          <\/div>\n                        <\/div>\n                      <\/div>\n                    <\/div>\n                  <\/div>\n                <\/div>\n                <div data-colibri-id=\"4529-c14\" class=\"h-x-container style-2021 style-local-4529-c14 position-relative h-element\">\n                  <!---->\n                  <div class=\"h-x-container-inner style-dynamic-4529-c14-group style-2021-spacing style-local-4529-c14-spacing\"><span class=\"h-button__outer style-2022-outer style-local-4529-c15-outer d-inline-flex h-element\"><a h-use-smooth-scroll=\"true\" href=\"https:\/\/munbu.bilkent.edu.tr\/wp-content\/uploads\/2026\/01\/MUNBU26_EUCouncil.pdf\"  data-colibri-id=\"4529-c15\" class=\"d-flex w-100 align-items-center h-button justify-content-lg-center justify-content-md-center justify-content-center style-2022 style-local-4529-c15 position-relative\"><!----><!----> <span>STUDY GUIDE<\/span><\/a>\n                    <\/span>\n                  <\/div>\n                <\/div>\n              <\/div>\n            <\/div>\n          <\/div>\n        <\/div>\n      <\/div>\n    <\/div>\n  <\/div>\n<\/div>","protected":false},"excerpt":{"rendered":"<p>Council Of The European Union: Foreign Affairs Council Co-Under Secretary General:&nbsp;Ata Ya\u011f\u0131z Topalo\u011flu Co-Under Secretary General:&nbsp;Dila Demircan Agenda Item I:&nbsp;Reevaluating EU &#8211; China Relations in the Context of Global Competition Agenda Item II:&nbsp;Enhancing EU Cooperation and Presence In The Western Balkans President Chair:&nbsp;Civan Erdo\u011fan civanerdogan1@gmail.com Vice Chair:&nbsp;Nilay K\u0131br\u0131s kibrisnilay@gmail.com Rapporteur:&nbsp;Tuba Eda Ana\u00e7 STUDY GUIDE<\/p>\n","protected":false},"author":1,"featured_media":0,"parent":0,"menu_order":0,"comment_status":"closed","ping_status":"closed","template":"page-templates\/full-width-page.php","meta":[],"_links":{"self":[{"href":"https:\/\/munbu.bilkent.edu.tr\/index.php?rest_route=\/wp\/v2\/pages\/4529"}],"collection":[{"href":"https:\/\/munbu.bilkent.edu.tr\/index.php?rest_route=\/wp\/v2\/pages"}],"about":[{"href":"https:\/\/munbu.bilkent.edu.tr\/index.php?rest_route=\/wp\/v2\/types\/page"}],"author":[{"embeddable":true,"href":"https:\/\/munbu.bilkent.edu.tr\/index.php?rest_route=\/wp\/v2\/users\/1"}],"replies":[{"embeddable":true,"href":"https:\/\/munbu.bilkent.edu.tr\/index.php?rest_route=%2Fwp%2Fv2%2Fcomments&post=4529"}],"version-history":[{"count":17,"href":"https:\/\/munbu.bilkent.edu.tr\/index.php?rest_route=\/wp\/v2\/pages\/4529\/revisions"}],"predecessor-version":[{"id":8039,"href":"https:\/\/munbu.bilkent.edu.tr\/index.php?rest_route=\/wp\/v2\/pages\/4529\/revisions\/8039"}],"wp:attachment":[{"href":"https:\/\/munbu.bilkent.edu.tr\/index.php?rest_route=%2Fwp%2Fv2%2Fmedia&parent=4529"}],"curies":[{"name":"wp","href":"https:\/\/api.w.org\/{rel}","templated":true}]}}