{"id":7095,"date":"2025-11-20T15:21:13","date_gmt":"2025-11-20T15:21:13","guid":{"rendered":"https:\/\/munbu.bilkent.edu.tr\/?page_id=7095"},"modified":"2026-01-11T15:01:23","modified_gmt":"2026-01-11T15:01:23","slug":"unwomen","status":"publish","type":"page","link":"https:\/\/munbu.bilkent.edu.tr\/?page_id=7095","title":{"rendered":"UNWOMEN"},"content":{"rendered":"<div data-colibri-id=\"7095-c1\" class=\"style-1737 style-local-7095-c1 position-relative\">\n  <!---->\n  <div data-colibri-component=\"section\" data-colibri-id=\"7095-c2\" id=\"custom\" class=\"h-section h-section-global-spacing d-flex align-items-lg-center align-items-md-center align-items-center style-1738 style-local-7095-c2 position-relative\">\n    <!---->\n    <!---->\n    <div class=\"h-section-grid-container h-section-boxed-container\">\n      <!---->\n      <div data-colibri-id=\"7095-c3\" class=\"h-row-container gutters-row-lg-2 gutters-row-md-2 gutters-row-0 gutters-row-v-lg-2 gutters-row-v-md-2 gutters-row-v-2 style-1739 style-local-7095-c3 position-relative\">\n        <!---->\n        <div class=\"h-row justify-content-lg-center justify-content-md-center justify-content-center align-items-lg-stretch align-items-md-stretch align-items-stretch gutters-col-lg-2 gutters-col-md-2 gutters-col-0 gutters-col-v-lg-2 gutters-col-v-md-2 gutters-col-v-2\">\n          <!---->\n          <div class=\"h-column h-column-container d-flex h-col-lg-auto h-col-md-auto h-col-auto style-1740-outer style-local-7095-c4-outer\">\n            <div data-colibri-id=\"7095-c4\" class=\"d-flex h-flex-basis h-column__inner h-px-lg-2 h-px-md-2 h-px-2 v-inner-lg-2 v-inner-md-2 v-inner-2 style-1740 style-local-7095-c4 position-relative\">\n              <!---->\n              <!---->\n              <div class=\"w-100 h-y-container h-column__content h-column__v-align flex-basis-100 align-self-lg-start align-self-md-start align-self-start\">\n                <!---->\n                <div data-colibri-id=\"7095-c5\" class=\"h-global-transition-all h-heading style-1741 style-local-7095-c5 position-relative h-element\">\n                  <!---->\n                  <div class=\"h-heading__outer style-1741 style-local-7095-c5\">\n                    <!---->\n                    <!---->\n                    <h1 class=\"\">The United Nations Entity for Gender Equality and the Empowerment of Women\n                      <br>(UNWOMEN)<\/h1>\n                  <\/div>\n                <\/div>\n              <\/div>\n            <\/div>\n          <\/div>\n        <\/div>\n      <\/div>\n      <div data-colibri-id=\"7095-c6\" class=\"h-row-container gutters-row-lg-2 gutters-row-md-2 gutters-row-0 gutters-row-v-lg-2 gutters-row-v-md-2 gutters-row-v-2 style-1742 style-local-7095-c6 position-relative\">\n        <!---->\n        <div class=\"h-row justify-content-lg-center justify-content-md-center justify-content-center align-items-lg-stretch align-items-md-stretch align-items-stretch gutters-col-lg-2 gutters-col-md-2 gutters-col-0 gutters-col-v-lg-2 gutters-col-v-md-2 gutters-col-v-2\">\n          <!---->\n          <div class=\"h-column h-column-container d-flex h-col-lg-auto h-col-md-auto h-col-auto style-1743-outer style-local-7095-c7-outer\">\n            <div data-colibri-id=\"7095-c7\" class=\"d-flex h-flex-basis h-column__inner h-px-lg-2 h-px-md-2 h-px-2 v-inner-lg-2 v-inner-md-2 v-inner-2 style-1743 style-local-7095-c7 position-relative\">\n              <!---->\n              <!---->\n              <div class=\"w-100 h-y-container h-column__content h-column__v-align flex-basis-100 align-self-lg-start align-self-md-start align-self-start\">\n                <!---->\n                <div data-colibri-id=\"7095-c8\" class=\"h-text h-text-component style-1744 style-local-7095-c8 position-relative h-element\">\n                  <!---->\n                  <!---->\n                  <div class=\"\">\n                    <p><strong style=\"font-family: &quot;Open Sans&quot;, sans-serif; color: black;\">Co-Under Secretary General:<\/strong><span style=\"font-family: &quot;Open Sans&quot;, sans-serif; color: black;\">&nbsp;Bar\u0131\u015f Yava\u015f<\/span><\/p>\n                    <p><strong style=\"font-family: &quot;Open Sans&quot;, sans-serif; color: black;\">Co-Under Secretary General:<\/strong><span style=\"font-family: &quot;Open Sans&quot;, sans-serif; color: black;\">&nbsp;Do\u011fa \u0130nce<\/span><\/p>\n                    <p><strong style=\"font-family: &quot;Open Sans&quot;, sans-serif; color: black;\">Agenda Item I:&nbsp;<\/strong><em style=\"font-family: &quot;Open Sans&quot;, sans-serif; color: black; font-size: 16px; font-weight: 400;\">Strengthening International Action to Prevent and Respond to Femicide<\/em><\/p>\n                    <p><strong style=\"font-family: &quot;Open Sans&quot;, sans-serif; color: black;\">Agenda Item II:&nbsp;<\/strong><em style=\"font-family: &quot;Open Sans&quot;, sans-serif; color: black; font-size: 16px; font-weight: 400;\">Discussion on gender-responsive measures to support women&#8217;s protection and participation in recovery after the peacebuilding process in the context of the Israeli-Palestinian conflict<\/em><\/p>\n                    <p>\n                      <br>\n                    <\/p>\n                  <\/div>\n                <\/div>\n                <div data-colibri-id=\"7095-c9\" class=\"h-row-container gutters-row-lg-2 gutters-row-md-2 gutters-row-0 gutters-row-v-lg-2 gutters-row-v-md-2 gutters-row-v-2 style-1951 style-local-7095-c9 position-relative\">\n                  <!---->\n                  <div class=\"h-row justify-content-lg-center justify-content-md-center justify-content-center align-items-lg-stretch align-items-md-stretch align-items-stretch gutters-col-lg-2 gutters-col-md-2 gutters-col-0 gutters-col-v-lg-2 gutters-col-v-md-2 gutters-col-v-2\">\n                    <!---->\n                    <div class=\"h-column h-column-container d-flex h-col-lg-auto h-col-md-auto h-col-auto style-1952-outer style-local-7095-c10-outer\">\n                      <div data-colibri-id=\"7095-c10\" class=\"d-flex h-flex-basis h-column__inner h-px-lg-2 h-px-md-2 h-px-2 v-inner-lg-2 v-inner-md-2 v-inner-2 style-1952 style-local-7095-c10 position-relative\">\n                        <!---->\n                        <!---->\n                        <div class=\"w-100 h-y-container h-column__content h-column__v-align flex-basis-100 align-self-lg-start align-self-md-start align-self-start\">\n                          <!---->\n                          <div data-colibri-id=\"7095-c11\" class=\"h-text h-text-component style-1955 style-local-7095-c11 position-relative h-element\">\n                            <!---->\n                            <!---->\n                            <div class=\"\">\n                              <p><strong style=\"font-size: 16px; font-family: &quot;Open Sans&quot;, sans-serif; color: black;\">President Chair:&nbsp;<\/strong>Aleyna Bozkurt\n                                <br>bozkurtaleyna15@gmail.com\n                                <br>\n                              <\/p>\n                            <\/div>\n                          <\/div>\n                        <\/div>\n                      <\/div>\n                    <\/div>\n                    <div class=\"h-column h-column-container d-flex h-col-lg-auto h-col-md-auto h-col-auto style-1953-outer style-local-7095-c12-outer\">\n                      <div data-colibri-id=\"7095-c12\" class=\"d-flex h-flex-basis h-column__inner h-px-lg-2 h-px-md-2 h-px-2 v-inner-lg-2 v-inner-md-2 v-inner-2 style-1953 style-local-7095-c12 position-relative\">\n                        <!---->\n                        <!---->\n                        <div class=\"w-100 h-y-container h-column__content h-column__v-align flex-basis-100 align-self-lg-start align-self-md-start align-self-start\">\n                          <!---->\n                          <div data-colibri-id=\"7095-c13\" class=\"h-text h-text-component style-1956 style-local-7095-c13 position-relative h-element\">\n                            <!---->\n                            <!---->\n                            <div class=\"\">\n                              <p><strong style=\"font-size: 16px; font-family: &quot;Open Sans&quot;, sans-serif; color: black;\">Vice Chair:&nbsp;<\/strong>Simay Bi\u00e7er\n                                <br>tedsb2006@gmail.com\n                                <br>\n                              <\/p>\n                            <\/div>\n                          <\/div>\n                        <\/div>\n                      <\/div>\n                    <\/div>\n                    <div class=\"h-column h-column-container d-flex h-col-lg-auto h-col-md-auto h-col-auto style-1954-outer style-local-7095-c14-outer\">\n                      <div data-colibri-id=\"7095-c14\" class=\"d-flex h-flex-basis h-column__inner h-px-lg-2 h-px-md-2 h-px-2 v-inner-lg-2 v-inner-md-2 v-inner-2 style-1954 style-local-7095-c14 position-relative\">\n                        <!---->\n                        <!---->\n                        <div class=\"w-100 h-y-container h-column__content h-column__v-align flex-basis-100 align-self-lg-start align-self-md-start align-self-start\">\n                          <!---->\n                          <div data-colibri-id=\"7095-c15\" class=\"h-text h-text-component style-1957 style-local-7095-c15 position-relative h-element\">\n                            <!---->\n                            <!---->\n                            <div class=\"\">\n                              <p><strong style=\"font-size: 16px; color: black; font-family: &quot;Open Sans&quot;, sans-serif;\">Rapporteur:&nbsp;<\/strong>Beril Ertu\u011frul<\/p>\n                            <\/div>\n                          <\/div>\n                        <\/div>\n                      <\/div>\n                    <\/div>\n                  <\/div>\n                <\/div>\n                <div data-colibri-id=\"7095-c16\" class=\"h-x-container style-2019 style-local-7095-c16 position-relative h-element\">\n                  <!---->\n                  <div class=\"h-x-container-inner style-dynamic-7095-c16-group style-2019-spacing style-local-7095-c16-spacing\"><span class=\"h-button__outer style-2020-outer style-local-7095-c17-outer d-inline-flex h-element\"><a h-use-smooth-scroll=\"true\" href=\"https:\/\/munbu.bilkent.edu.tr\/wp-content\/uploads\/2026\/01\/MUNBU26_UNWOMEN.pdf\"  data-colibri-id=\"7095-c17\" class=\"d-flex w-100 align-items-center h-button justify-content-lg-center justify-content-md-center justify-content-center style-2020 style-local-7095-c17 position-relative\"><!----><!----> <span>STUDY GUIDE<\/span><\/a>\n                    <\/span>\n                  <\/div>\n                <\/div>\n              <\/div>\n            <\/div>\n          <\/div>\n        <\/div>\n      <\/div>\n    <\/div>\n  <\/div>\n<\/div>","protected":false},"excerpt":{"rendered":"<p>The United Nations Entity for Gender Equality and the Empowerment of Women (UNWOMEN) Co-Under Secretary General:&nbsp;Bar\u0131\u015f Yava\u015f Co-Under Secretary General:&nbsp;Do\u011fa \u0130nce Agenda Item I:&nbsp;Strengthening International Action to Prevent and Respond to Femicide Agenda Item II:&nbsp;Discussion on gender-responsive measures to support women&#8217;s protection and participation in recovery after the peacebuilding process in the context of the [&hellip;]<\/p>\n","protected":false},"author":1,"featured_media":0,"parent":0,"menu_order":0,"comment_status":"closed","ping_status":"closed","template":"page-templates\/full-width-page.php","meta":[],"_links":{"self":[{"href":"https:\/\/munbu.bilkent.edu.tr\/index.php?rest_route=\/wp\/v2\/pages\/7095"}],"collection":[{"href":"https:\/\/munbu.bilkent.edu.tr\/index.php?rest_route=\/wp\/v2\/pages"}],"about":[{"href":"https:\/\/munbu.bilkent.edu.tr\/index.php?rest_route=\/wp\/v2\/types\/page"}],"author":[{"embeddable":true,"href":"https:\/\/munbu.bilkent.edu.tr\/index.php?rest_route=\/wp\/v2\/users\/1"}],"replies":[{"embeddable":true,"href":"https:\/\/munbu.bilkent.edu.tr\/index.php?rest_route=%2Fwp%2Fv2%2Fcomments&post=7095"}],"version-history":[{"count":6,"href":"https:\/\/munbu.bilkent.edu.tr\/index.php?rest_route=\/wp\/v2\/pages\/7095\/revisions"}],"predecessor-version":[{"id":7990,"href":"https:\/\/munbu.bilkent.edu.tr\/index.php?rest_route=\/wp\/v2\/pages\/7095\/revisions\/7990"}],"wp:attachment":[{"href":"https:\/\/munbu.bilkent.edu.tr\/index.php?rest_route=%2Fwp%2Fv2%2Fmedia&parent=7095"}],"curies":[{"name":"wp","href":"https:\/\/api.w.org\/{rel}","templated":true}]}}