{"id":747,"date":"2021-11-24T08:51:47","date_gmt":"2021-11-24T08:51:47","guid":{"rendered":"https:\/\/munbu.bilkent.edu.tr\/?page_id=747"},"modified":"2025-11-28T18:39:43","modified_gmt":"2025-11-28T18:39:43","slug":"details","status":"publish","type":"page","link":"https:\/\/munbu.bilkent.edu.tr\/?page_id=747","title":{"rendered":"Details"},"content":{"rendered":"<div data-colibri-id=\"747-c1\" class=\"style-803 style-local-747-c1 position-relative\">\n  <!---->\n  <div data-colibri-component=\"section\" data-colibri-id=\"747-c2\" id=\"custom\" class=\"h-section h-section-global-spacing d-flex align-items-lg-center align-items-md-center align-items-center style-804 style-local-747-c2 position-relative\">\n    <!---->\n    <!---->\n    <div class=\"h-section-grid-container h-section-boxed-container\">\n      <!---->\n      <div data-colibri-id=\"747-c3\" class=\"h-row-container gutters-row-lg-2 gutters-row-md-2 gutters-row-0 gutters-row-v-lg-2 gutters-row-v-md-2 gutters-row-v-2 style-813 style-local-747-c3 position-relative\">\n        <!---->\n        <div class=\"h-row justify-content-lg-center justify-content-md-center justify-content-center align-items-lg-stretch align-items-md-stretch align-items-stretch gutters-col-lg-2 gutters-col-md-2 gutters-col-0 gutters-col-v-lg-2 gutters-col-v-md-2 gutters-col-v-2\">\n          <!---->\n          <div class=\"h-column h-column-container d-flex h-col-lg-auto h-col-md-auto h-col-auto style-814-outer style-local-747-c4-outer\">\n            <div data-colibri-id=\"747-c4\" class=\"d-flex h-flex-basis h-column__inner h-px-lg-2 h-px-md-2 h-px-2 v-inner-lg-2 v-inner-md-2 v-inner-2 style-814 style-local-747-c4 position-relative\">\n              <!---->\n              <!---->\n              <div class=\"w-100 h-y-container h-column__content h-column__v-align flex-basis-100 align-self-lg-start align-self-md-start align-self-start\">\n                <!---->\n                <div data-colibri-id=\"747-c5\" class=\"h-global-transition-all h-heading style-815 style-local-747-c5 position-relative h-element\">\n                  <!---->\n                  <div class=\"h-heading__outer style-815 style-local-747-c5\">\n                    <!---->\n                    <!---->\n                    <h1 class=\"\">MUNBU&#8217;26 will be held between 17-20 January 2026.<\/h1>\n                  <\/div>\n                <\/div>\n              <\/div>\n            <\/div>\n          <\/div>\n        <\/div>\n      <\/div>\n      <div data-colibri-id=\"747-c6\" class=\"h-row-container gutters-row-lg-2 gutters-row-md-2 gutters-row-0 gutters-row-v-lg-2 gutters-row-v-md-2 gutters-row-v-2 style-1065 style-local-747-c6 position-relative\">\n        <!---->\n        <div class=\"h-row justify-content-lg-center justify-content-md-center justify-content-center align-items-lg-stretch align-items-md-stretch align-items-stretch gutters-col-lg-2 gutters-col-md-2 gutters-col-0 gutters-col-v-lg-2 gutters-col-v-md-2 gutters-col-v-2\">\n          <!---->\n          <div class=\"h-column h-column-container d-flex h-col-lg-auto h-col-md-auto h-col-auto style-1066-outer style-local-747-c7-outer\">\n            <div data-colibri-id=\"747-c7\" class=\"d-flex h-flex-basis h-column__inner h-px-lg-2 h-px-md-2 h-px-2 v-inner-lg-2 v-inner-md-2 v-inner-2 style-1066 style-local-747-c7 position-relative\">\n              <!---->\n              <!---->\n              <div class=\"w-100 h-y-container h-column__content h-column__v-align flex-basis-100 align-self-lg-start align-self-md-start align-self-start\">\n                <!---->\n                <div data-colibri-id=\"747-c8\" class=\"h-global-transition-all h-heading style-1067 style-local-747-c8 position-relative h-element\">\n                  <!---->\n                  <div class=\"h-heading__outer style-1067 style-local-747-c8\">\n                    <!---->\n                    <!---->\n                    <h1 class=\"\">Public Transportation to Campus<\/h1>\n                  <\/div>\n                <\/div>\n                <div data-colibri-id=\"747-c9\" class=\"h-text h-text-component style-1068 style-local-747-c9 position-relative h-element\">\n                  <!---->\n                  <!---->\n                  <div class=\"\">\n                    <p>You can use the location button on the right top of the website to open google maps (or own below before the image) for more flexile methods of transportation, or to simplify:<\/p>\n                    <p>You can take M1-2-3 metro from any stop on it (Bat\u0131kent-Ulus-K\u0131z\u0131lay-Milli K\u00fct\u00fcphane-\u00c7ayyolu-Koru) until you reach Bilkent metro stop and walk to the bus stop to get on busses 175 or 176.<\/p>\n                    <p>Both of these busses end up within the Campus grounds and therefore you will not need to walk the steep incline at the entrance to Bilkent University.<\/p>\n                    <p>The location to Bilkent \u0130\u015fletme Fak\u00fcltesi:<\/p>\n                  <\/div>\n                <\/div>\n                <div data-colibri-id=\"747-c10\" class=\"h-x-container style-1311 style-local-747-c10 position-relative h-element\">\n                  <!---->\n                  <div class=\"h-x-container-inner style-dynamic-747-c10-group style-1311-spacing style-local-747-c10-spacing\"><span class=\"h-link__outer style-1312-outer style-local-747-c11-outer d-inline-flex h-element\"><a h-use-smooth-scroll=\"true\" href=\"https:\/\/goo.gl\/maps\/zu5swRqtAsVTiuME9\" target=\"_blank\" data-colibri-id=\"747-c11\" class=\"d-flex w-100 align-items-center h-link style-1312 style-local-747-c11 position-relative\" rel=\"noopener\"><!----><span  class=\"h-svg-icon h-link__icon style-1312-icon style-local-747-c11-icon\"><!--Icon by Font Awesome (https:\/\/fontawesome.com)--><svg version=\"1.1\" xmlns=\"http:\/\/www.w3.org\/2000\/svg\" xmlns:xlink=\"http:\/\/www.w3.org\/1999\/xlink\" id=\"map-marker\" viewBox=\"0 0 1049.8953 1896.0833\"><path d=\"M768 640q0-106-75-181t-181-75-181 75-75 181 75 181 181 75 181-75 75-181zm256 0q0 109-33 179l-364 774q-16 33-47.5 52t-67.5 19-67.5-19-46.5-52L33 819Q0 749 0 640q0-212 150-362t362-150 362 150 150 362z\"><\/path><\/svg><\/span>                    <span>Google Maps link<\/span><\/a>\n                    <\/span>\n                  <\/div>\n                <\/div>\n                <div data-colibri-id=\"747-c12\" class=\"d-block style-1069 style-local-747-c12 position-relative h-element\">\n                  <!---->\n                  <div class=\"h-image__frame-container-outer\">\n                    <a href=\"https:\/\/www.ego.gov.tr\/en\/sayfa\/1075\/rayli-sistem\" target=\"_blank\" h-use-smooth-scroll=\"true\" class=\"image-link\" rel=\"noopener\">\n                      <div class=\"h-image__frame-container\">\n                        <!---->\n                        <!---->\n                        <img decoding=\"async\" loading=\"lazy\" width=\"1300\" height=\"805\" src=\"http:\/\/web4.bilkent.edu.tr\/munbu\/wp-content\/uploads\/2022\/11\/14013.jpg\" class=\"wp-image-2041 style-1069-image style-local-747-c12-image\" srcset=\"https:\/\/munbu.bilkent.edu.tr\/wp-content\/uploads\/2022\/11\/14013.jpg 1300w, https:\/\/munbu.bilkent.edu.tr\/wp-content\/uploads\/2022\/11\/14013-300x186.jpg 300w, https:\/\/munbu.bilkent.edu.tr\/wp-content\/uploads\/2022\/11\/14013-1024x634.jpg 1024w, https:\/\/munbu.bilkent.edu.tr\/wp-content\/uploads\/2022\/11\/14013-768x476.jpg 768w\" sizes=\"(max-width: 1300px) 100vw, 1300px\" alt=\"\" \/>\n                        <div class=\"h-image__frame h-hide-lg h-hide-md h-hide-sm style-1069-frameImage style-local-747-c12-frameImage\"><\/div>\n                      <\/div>\n                      <div class=\"style-1069-caption style-local-747-c12-caption\">\n                        Click to open the image on EGO website, scroll to the bottom to view this image.\n                      <\/div>\n                    <\/a>\n                  <\/div>\n                <\/div>\n              <\/div>\n            <\/div>\n          <\/div>\n        <\/div>\n      <\/div>\n      <div data-colibri-id=\"747-c13\" class=\"h-row-container gutters-row-lg-2 gutters-row-md-2 gutters-row-0 gutters-row-v-lg-2 gutters-row-v-md-2 gutters-row-v-2 style-1152 style-local-747-c13 position-relative\">\n        <!---->\n        <div class=\"h-row justify-content-lg-center justify-content-md-center justify-content-center align-items-lg-stretch align-items-md-stretch align-items-stretch gutters-col-lg-2 gutters-col-md-2 gutters-col-0 gutters-col-v-lg-2 gutters-col-v-md-2 gutters-col-v-2\">\n          <!---->\n          <div class=\"h-column h-column-container d-flex h-col-lg-auto h-col-md-auto h-col-auto style-1153-outer style-local-747-c14-outer\">\n            <div data-colibri-id=\"747-c14\" class=\"d-flex h-flex-basis h-column__inner h-px-lg-2 h-px-md-2 h-px-2 v-inner-lg-2 v-inner-md-2 v-inner-2 style-1153 style-local-747-c14 position-relative\">\n              <!---->\n              <!---->\n              <div class=\"w-100 h-y-container h-column__content h-column__v-align flex-basis-100 align-self-lg-start align-self-md-start align-self-start\">\n                <!---->\n                <div data-colibri-id=\"747-c15\" class=\"h-text h-text-component style-1154 style-local-747-c15 position-relative h-element\">\n                  <!---->\n                  <!---->\n                  <div class=\"\">\n                    <p>Did u know that Balakaan is twice in Academics, once in Organization team and will not be attending the conference due to certain circu<span style=\"font-weight: 400; font-size: 16px; font-family: &quot;Open Sans&quot;; color: rgba(40, 74, 108, 0.68);\">mstances?<\/span>,\n                      seems like it no longer is the case yeaaaa<\/p>\n                  <\/div>\n                <\/div>\n              <\/div>\n            <\/div>\n          <\/div>\n        <\/div>\n      <\/div>\n    <\/div>\n  <\/div>\n<\/div>","protected":false},"excerpt":{"rendered":"<p>MUNBU&#8217;26 will be held between 17-20 January 2026. Public Transportation to Campus You can use the location button on the right top of the website to open google maps (or own below before the image) for more flexile methods of transportation, or to simplify: You can take M1-2-3 metro from any stop on it (Bat\u0131kent-Ulus-K\u0131z\u0131lay-Milli [&hellip;]<\/p>\n","protected":false},"author":1,"featured_media":0,"parent":0,"menu_order":0,"comment_status":"closed","ping_status":"closed","template":"page-templates\/full-width-page.php","meta":[],"_links":{"self":[{"href":"https:\/\/munbu.bilkent.edu.tr\/index.php?rest_route=\/wp\/v2\/pages\/747"}],"collection":[{"href":"https:\/\/munbu.bilkent.edu.tr\/index.php?rest_route=\/wp\/v2\/pages"}],"about":[{"href":"https:\/\/munbu.bilkent.edu.tr\/index.php?rest_route=\/wp\/v2\/types\/page"}],"author":[{"embeddable":true,"href":"https:\/\/munbu.bilkent.edu.tr\/index.php?rest_route=\/wp\/v2\/users\/1"}],"replies":[{"embeddable":true,"href":"https:\/\/munbu.bilkent.edu.tr\/index.php?rest_route=%2Fwp%2Fv2%2Fcomments&post=747"}],"version-history":[{"count":20,"href":"https:\/\/munbu.bilkent.edu.tr\/index.php?rest_route=\/wp\/v2\/pages\/747\/revisions"}],"predecessor-version":[{"id":7218,"href":"https:\/\/munbu.bilkent.edu.tr\/index.php?rest_route=\/wp\/v2\/pages\/747\/revisions\/7218"}],"wp:attachment":[{"href":"https:\/\/munbu.bilkent.edu.tr\/index.php?rest_route=%2Fwp%2Fv2%2Fmedia&parent=747"}],"curies":[{"name":"wp","href":"https:\/\/api.w.org\/{rel}","templated":true}]}}